{"id":269,"date":"2025-02-25T00:04:58","date_gmt":"2025-02-24T23:04:58","guid":{"rendered":"http:\/\/www.connectwave.fr\/?page_id=269"},"modified":"2025-02-25T14:47:03","modified_gmt":"2025-02-25T13:47:03","slug":"marches-et-cas-dusages-iot","status":"publish","type":"page","link":"https:\/\/www.connectwave.fr\/index.php\/marches-et-cas-dusages-iot\/","title":{"rendered":"March\u00e9s et cas d&rsquo;usages IoT"},"content":{"rendered":"\t\t<div data-elementor-type=\"wp-page\" data-elementor-id=\"269\" class=\"elementor elementor-269\">\n\t\t\t\t<div class=\"elementor-element elementor-element-459f87a e-flex e-con-boxed wpr-particle-no wpr-jarallax-no wpr-parallax-no wpr-sticky-section-no e-con e-parent\" data-id=\"459f87a\" data-element_type=\"container\">\n\t\t\t\t\t<div class=\"e-con-inner\">\n\t\t\t\t<div class=\"elementor-element elementor-element-1f7c908 elementor-widget elementor-widget-heading\" data-id=\"1f7c908\" data-element_type=\"widget\" data-widget_type=\"heading.default\">\n\t\t\t\t<div class=\"elementor-widget-container\">\n\t\t\t\t\t<h2 class=\"elementor-heading-title elementor-size-default\">March\u00e9s cl\u00e9s de l\u2019IoT<\/h2>\t\t\t\t<\/div>\n\t\t\t\t<\/div>\n\t\t\t\t\t<\/div>\n\t\t\t\t<\/div>\n\t\t<div class=\"elementor-element elementor-element-32b2ced e-flex e-con-boxed wpr-particle-no wpr-jarallax-no wpr-parallax-no wpr-sticky-section-no e-con e-parent\" data-id=\"32b2ced\" data-element_type=\"container\">\n\t\t\t\t\t<div class=\"e-con-inner\">\n\t\t\t\t<div class=\"elementor-element elementor-element-c946d1d elementor-widget elementor-widget-text-editor\" data-id=\"c946d1d\" data-element_type=\"widget\" data-widget_type=\"text-editor.default\">\n\t\t\t\t<div class=\"elementor-widget-container\">\n\t\t\t\t\t\t\t\t\t<h5><strong>Connectwave accompagne les projets IoT sur tout les march\u00e9s dont principalement l\u2019A\u00e9ronautique, l\u2019\u00c9nergie, les Villes et Collectivit\u00e9s, le Commerce, le Luxe et le Retail.<\/strong><\/h5>\t\t\t\t\t\t\t\t<\/div>\n\t\t\t\t<\/div>\n\t\t\t\t\t<\/div>\n\t\t\t\t<\/div>\n\t\t<div class=\"elementor-element elementor-element-4cbe0a3 e-flex e-con-boxed wpr-particle-no wpr-jarallax-no wpr-parallax-no wpr-sticky-section-no e-con e-parent\" data-id=\"4cbe0a3\" data-element_type=\"container\">\n\t\t\t\t\t<div class=\"e-con-inner\">\n\t\t<div class=\"elementor-element elementor-element-6ae02e0 e-con-full e-flex wpr-particle-no wpr-jarallax-no wpr-parallax-no wpr-sticky-section-no e-con e-child\" data-id=\"6ae02e0\" data-element_type=\"container\">\n\t\t\t\t<div class=\"elementor-element elementor-element-ede1287 elementor-widget elementor-widget-button\" data-id=\"ede1287\" data-element_type=\"widget\" data-widget_type=\"button.default\">\n\t\t\t\t<div class=\"elementor-widget-container\">\n\t\t\t\t\t\t\t\t\t<div class=\"elementor-button-wrapper\">\n\t\t\t\t\t<a class=\"elementor-button elementor-button-link elementor-size-sm elementor-animation-grow\" href=\"mailto:contact@connectwave.fr\" target=\"_blank\">\n\t\t\t\t\t\t<span class=\"elementor-button-content-wrapper\">\n\t\t\t\t\t\t\t\t\t<span class=\"elementor-button-text\">JE SUIS INT\u00c9RESS\u00c9(E) ! <\/span>\n\t\t\t\t\t<\/span>\n\t\t\t\t\t<\/a>\n\t\t\t\t<\/div>\n\t\t\t\t\t\t\t\t<\/div>\n\t\t\t\t<\/div>\n\t\t\t\t<\/div>\n\t\t\t\t\t<\/div>\n\t\t\t\t<\/div>\n\t\t<div class=\"elementor-element elementor-element-b1d8091 e-flex e-con-boxed wpr-particle-no wpr-jarallax-no wpr-parallax-no wpr-sticky-section-no e-con e-parent\" data-id=\"b1d8091\" data-element_type=\"container\">\n\t\t\t\t\t<div class=\"e-con-inner\">\n\t\t\t\t<div class=\"elementor-element elementor-element-d7403d2 elementor-widget elementor-widget-text-editor\" data-id=\"d7403d2\" data-element_type=\"widget\" data-widget_type=\"text-editor.default\">\n\t\t\t\t<div class=\"elementor-widget-container\">\n\t\t\t\t\t\t\t\t\t<p>En 2024, le march\u00e9 de l&rsquo;Internet des Objets (IoT) conna\u00eet une croissance significative, avec plusieurs march\u00e9s cl\u00e9s qui se d\u00e9marquent :<\/p><h4><strong>March\u00e9s g\u00e9ographiques<\/strong><\/h4><p>Les \u00c9tats-Unis, la Chine et l&rsquo;Inde \u00e9mergent comme les principaux moteurs de la croissance des d\u00e9penses IoT au niveau r\u00e9gional. Ces pays devraient augmenter leurs d\u00e9penses en IoT de 13%, 17% et 14% respectivement en 2024.<\/p><h4><strong>Secteurs industriels<\/strong><\/h4><p><strong>Automobile et fabrication<\/strong> : Ces secteurs devraient \u00eatre les principaux acteurs du march\u00e9 IoT en 2024<a href=\"https:\/\/infohightech.com\/la-taille-du-marche-de-liot-dentreprise-a-atteint-269-milliards-de-dollars-en-2023-avec-une-deceleration-de-la-croissance-en-2024\/\">5<\/a>.<\/p><p><strong>Villes intelligentes<\/strong> : Les investissements massifs dans les smartcities stimulent le d\u00e9veloppement de l&rsquo;IoT, notamment pour la gestion \u00e9nerg\u00e9tique, les transports intelligents et la s\u00e9curit\u00e9 urbaine.<\/p><h4><strong>Segments technologiques<\/strong><\/h4><p><strong>Logiciels IoT<\/strong> : Les d\u00e9penses dans ce segment montrent une forte vigueur, d\u00e9passant largement celles des entreprises en g\u00e9n\u00e9ral.<\/p><p><strong>R\u00e9seaux 5G<\/strong> : La croissance des r\u00e9seaux 5G est une tendance majeure, offrant une connectivit\u00e9 ultra-rapide et une faible latence pour les applications IoT gourmandes en donn\u00e9es.<\/p><p><strong>Intelligence Artificielle et Machine Learning<\/strong> : L&rsquo;int\u00e9gration de l&rsquo;IA et du ML dans les dispositifs IoT devient monnaie courante, permettant des syst\u00e8mes IoT plus intelligents et adaptatifs.<\/p><h4><strong>Perspectives de croissance<\/strong><\/h4><p>Le march\u00e9 mondial de l&rsquo;IoT pourrait atteindre 1100 milliards de dollars d&rsquo;ici 2025, avec plus de 27 milliards d&rsquo;appareils connect\u00e9s. Cependant, il est important de noter qu&rsquo;une l\u00e9g\u00e8re d\u00e9c\u00e9l\u00e9ration de la croissance est pr\u00e9vue en 2024, avec une croissance de 12% avant une acc\u00e9l\u00e9ration en 2025.<\/p>\t\t\t\t\t\t\t\t<\/div>\n\t\t\t\t<\/div>\n\t\t\t\t\t<\/div>\n\t\t\t\t<\/div>\n\t\t<div class=\"elementor-element elementor-element-bbfd4e9 e-flex e-con-boxed wpr-particle-no wpr-jarallax-no wpr-parallax-no wpr-sticky-section-no e-con e-parent\" data-id=\"bbfd4e9\" data-element_type=\"container\">\n\t\t\t\t\t<div class=\"e-con-inner\">\n\t\t\t\t<div class=\"elementor-element elementor-element-0f731be elementor-widget elementor-widget-heading\" data-id=\"0f731be\" data-element_type=\"widget\" data-widget_type=\"heading.default\">\n\t\t\t\t<div class=\"elementor-widget-container\">\n\t\t\t\t\t<h2 class=\"elementor-heading-title elementor-size-default\">Cas d\u2019Usages de l\u2019IoT<\/h2>\t\t\t\t<\/div>\n\t\t\t\t<\/div>\n\t\t\t\t\t<\/div>\n\t\t\t\t<\/div>\n\t\t<div class=\"elementor-element elementor-element-359107e e-flex e-con-boxed wpr-particle-no wpr-jarallax-no wpr-parallax-no wpr-sticky-section-no e-con e-parent\" data-id=\"359107e\" data-element_type=\"container\">\n\t\t\t\t\t<div class=\"e-con-inner\">\n\t\t\t\t<div class=\"elementor-element elementor-element-0a20a4d elementor-widget elementor-widget-text-editor\" data-id=\"0a20a4d\" data-element_type=\"widget\" data-widget_type=\"text-editor.default\">\n\t\t\t\t<div class=\"elementor-widget-container\">\n\t\t\t\t\t\t\t\t\t<p>Dans ce chapitre, voici les diff\u00e9rentes applications d\u2019objets connect\u00e9s Industriels de nos partenaires (IoT, RFID, NFC, Sigfox, Lora, BLE, Wi-Fi, big data, Bluetooth\u2026).<br \/>Les d\u00e9mos de ces applications IoT sont r\u00e9guli\u00e8rement pr\u00e9sent\u00e9es sur les Espaces IoT de Connectwave, notamment sur les <a href=\"http:\/\/www.connectwave.fr\/index.php\/agenda\/\">diff\u00e9rents salons<\/a> : Supply Chain Event, Smart Industries \/ Global Industrie \u2026<\/p><p><strong><span style=\"text-decoration: underline;\">Note<\/span> : Connectwave vous accompagne dans la mise en \u0153uvre de solutions RFID \/ IoT.<\/strong><\/p>\t\t\t\t\t\t\t\t<\/div>\n\t\t\t\t<\/div>\n\t\t\t\t\t<\/div>\n\t\t\t\t<\/div>\n\t\t<div class=\"elementor-element elementor-element-e96e549 e-flex e-con-boxed wpr-particle-no wpr-jarallax-no wpr-parallax-no wpr-sticky-section-no e-con e-parent\" data-id=\"e96e549\" data-element_type=\"container\">\n\t\t\t\t\t<div class=\"e-con-inner\">\n\t\t<div class=\"elementor-element elementor-element-6e6ea58 e-con-full e-flex wpr-particle-no wpr-jarallax-no wpr-parallax-no wpr-sticky-section-no e-con e-child\" data-id=\"6e6ea58\" data-element_type=\"container\">\n\t\t\t\t<div class=\"elementor-element elementor-element-409bbe0 elementor-widget elementor-widget-button\" data-id=\"409bbe0\" data-element_type=\"widget\" data-widget_type=\"button.default\">\n\t\t\t\t<div class=\"elementor-widget-container\">\n\t\t\t\t\t\t\t\t\t<div class=\"elementor-button-wrapper\">\n\t\t\t\t\t<a class=\"elementor-button elementor-button-link elementor-size-sm elementor-animation-grow\" href=\"mailto:contact@connectwave.fr\" target=\"_blank\">\n\t\t\t\t\t\t<span class=\"elementor-button-content-wrapper\">\n\t\t\t\t\t\t\t\t\t<span class=\"elementor-button-text\">JE SUIS INT\u00c9RESS\u00c9(E) ! <\/span>\n\t\t\t\t\t<\/span>\n\t\t\t\t\t<\/a>\n\t\t\t\t<\/div>\n\t\t\t\t\t\t\t\t<\/div>\n\t\t\t\t<\/div>\n\t\t\t\t<\/div>\n\t\t\t\t\t<\/div>\n\t\t\t\t<\/div>\n\t\t<div class=\"elementor-element elementor-element-12a5be5 e-flex e-con-boxed wpr-particle-no wpr-jarallax-no wpr-parallax-no wpr-sticky-section-no e-con e-parent\" data-id=\"12a5be5\" data-element_type=\"container\">\n\t\t\t\t\t<div class=\"e-con-inner\">\n\t\t\t\t<div class=\"elementor-element elementor-element-7667836 elementor-widget elementor-widget-image\" data-id=\"7667836\" data-element_type=\"widget\" data-widget_type=\"image.default\">\n\t\t\t\t<div class=\"elementor-widget-container\">\n\t\t\t\t\t\t\t\t\t\t\t\t\t\t\t<img fetchpriority=\"high\" decoding=\"async\" width=\"1920\" height=\"4920\" src=\"https:\/\/www.connectwave.fr\/wp-content\/uploads\/2025\/02\/NEWS-mosaique-adherents.png\" class=\"attachment-full size-full wp-image-138\" alt=\"\" srcset=\"https:\/\/www.connectwave.fr\/wp-content\/uploads\/2025\/02\/NEWS-mosaique-adherents.png 1920w, https:\/\/www.connectwave.fr\/wp-content\/uploads\/2025\/02\/NEWS-mosaique-adherents-117x300.png 117w, https:\/\/www.connectwave.fr\/wp-content\/uploads\/2025\/02\/NEWS-mosaique-adherents-400x1024.png 400w, https:\/\/www.connectwave.fr\/wp-content\/uploads\/2025\/02\/NEWS-mosaique-adherents-768x1968.png 768w, https:\/\/www.connectwave.fr\/wp-content\/uploads\/2025\/02\/NEWS-mosaique-adherents-599x1536.png 599w, https:\/\/www.connectwave.fr\/wp-content\/uploads\/2025\/02\/NEWS-mosaique-adherents-799x2048.png 799w\" sizes=\"(max-width: 1920px) 100vw, 1920px\" \/>\t\t\t\t\t\t\t\t\t\t\t\t\t\t\t<\/div>\n\t\t\t\t<\/div>\n\t\t\t\t\t<\/div>\n\t\t\t\t<\/div>\n\t\t<div class=\"elementor-element elementor-element-71d8dcd e-flex e-con-boxed wpr-particle-no wpr-jarallax-no wpr-parallax-no wpr-sticky-section-no e-con e-parent\" data-id=\"71d8dcd\" data-element_type=\"container\">\n\t\t\t\t\t<div class=\"e-con-inner\">\n\t\t<div class=\"elementor-element elementor-element-8fd7e94 e-con-full e-flex wpr-particle-no wpr-jarallax-no wpr-parallax-no wpr-sticky-section-no e-con e-child\" data-id=\"8fd7e94\" data-element_type=\"container\">\n\t\t\t\t<div class=\"elementor-element elementor-element-924a2c4 elementor-widget elementor-widget-button\" data-id=\"924a2c4\" data-element_type=\"widget\" data-widget_type=\"button.default\">\n\t\t\t\t<div class=\"elementor-widget-container\">\n\t\t\t\t\t\t\t\t\t<div class=\"elementor-button-wrapper\">\n\t\t\t\t\t<a class=\"elementor-button elementor-button-link elementor-size-sm elementor-animation-grow\" href=\"mailto:contact@connectwave.fr\" target=\"_blank\">\n\t\t\t\t\t\t<span class=\"elementor-button-content-wrapper\">\n\t\t\t\t\t\t\t\t\t<span class=\"elementor-button-text\">JE SUIS INT\u00c9RESS\u00c9(E) ! <\/span>\n\t\t\t\t\t<\/span>\n\t\t\t\t\t<\/a>\n\t\t\t\t<\/div>\n\t\t\t\t\t\t\t\t<\/div>\n\t\t\t\t<\/div>\n\t\t\t\t<\/div>\n\t\t\t\t\t<\/div>\n\t\t\t\t<\/div>\n\t\t<div class=\"elementor-element elementor-element-3c4419b e-flex e-con-boxed wpr-particle-no wpr-jarallax-no wpr-parallax-no wpr-sticky-section-no e-con e-parent\" data-id=\"3c4419b\" data-element_type=\"container\">\n\t\t\t\t\t<div class=\"e-con-inner\">\n\t\t\t\t\t<\/div>\n\t\t\t\t<\/div>\n\t\t\t\t<\/div>\n\t\t","protected":false},"excerpt":{"rendered":"<p>March\u00e9s cl\u00e9s de l\u2019IoT Connectwave accompagne les projets IoT sur tout les march\u00e9s dont principalement l\u2019A\u00e9ronautique, l\u2019\u00c9nergie, les Villes et Collectivit\u00e9s, le Commerce, le Luxe et le Retail. JE SUIS INT\u00c9RESS\u00c9(E) ! En 2024, le march\u00e9 de l&rsquo;Internet des Objets (IoT) conna\u00eet une croissance significative, avec plusieurs march\u00e9s cl\u00e9s qui se d\u00e9marquent : March\u00e9s g\u00e9ographiques Les \u00c9tats-Unis, la Chine et l&rsquo;Inde \u00e9mergent comme les principaux moteurs de la croissance des d\u00e9penses IoT au niveau r\u00e9gional. Ces pays devraient augmenter leurs d\u00e9penses en IoT de 13%, 17% et 14% respectivement en 2024. Secteurs industriels Automobile et fabrication : Ces secteurs devraient \u00eatre les principaux acteurs du march\u00e9 IoT en 20245. Villes intelligentes : Les investissements massifs dans les smartcities stimulent le d\u00e9veloppement de l&rsquo;IoT, notamment pour la gestion \u00e9nerg\u00e9tique, les transports intelligents et la s\u00e9curit\u00e9 urbaine. Segments technologiques Logiciels IoT : Les d\u00e9penses dans ce segment montrent une forte vigueur, d\u00e9passant largement celles des entreprises en g\u00e9n\u00e9ral. R\u00e9seaux 5G : La croissance des r\u00e9seaux 5G est une tendance majeure, offrant une connectivit\u00e9 ultra-rapide et une faible latence pour les applications IoT gourmandes en donn\u00e9es. Intelligence Artificielle et Machine Learning : L&rsquo;int\u00e9gration de l&rsquo;IA et du ML dans les dispositifs IoT devient monnaie courante, permettant des syst\u00e8mes IoT plus intelligents et adaptatifs. Perspectives de croissance Le march\u00e9 mondial de l&rsquo;IoT pourrait atteindre 1100 milliards de dollars d&rsquo;ici 2025, avec plus de 27 milliards d&rsquo;appareils connect\u00e9s. Cependant, il est important de noter qu&rsquo;une l\u00e9g\u00e8re d\u00e9c\u00e9l\u00e9ration de la croissance est pr\u00e9vue en 2024, avec une croissance de 12% avant une acc\u00e9l\u00e9ration en 2025. Cas d\u2019Usages de l\u2019IoT Dans ce chapitre, voici les diff\u00e9rentes applications d\u2019objets connect\u00e9s Industriels de nos partenaires (IoT, RFID, NFC, Sigfox, Lora, BLE, Wi-Fi, big data, Bluetooth\u2026).Les d\u00e9mos de ces applications IoT sont r\u00e9guli\u00e8rement pr\u00e9sent\u00e9es sur les Espaces IoT de Connectwave, notamment sur les diff\u00e9rents salons : Supply Chain Event, Smart Industries \/ Global Industrie \u2026 Note : Connectwave vous accompagne dans la mise en \u0153uvre de solutions RFID \/ IoT. JE SUIS INT\u00c9RESS\u00c9(E) ! JE SUIS INT\u00c9RESS\u00c9(E) !<\/p>\n","protected":false},"author":1,"featured_media":0,"parent":0,"menu_order":5,"comment_status":"closed","ping_status":"closed","template":"","meta":{"footnotes":""},"class_list":["post-269","page","type-page","status-publish","hentry"],"_links":{"self":[{"href":"https:\/\/www.connectwave.fr\/index.php\/wp-json\/wp\/v2\/pages\/269","targetHints":{"allow":["GET"]}}],"collection":[{"href":"https:\/\/www.connectwave.fr\/index.php\/wp-json\/wp\/v2\/pages"}],"about":[{"href":"https:\/\/www.connectwave.fr\/index.php\/wp-json\/wp\/v2\/types\/page"}],"author":[{"embeddable":true,"href":"https:\/\/www.connectwave.fr\/index.php\/wp-json\/wp\/v2\/users\/1"}],"replies":[{"embeddable":true,"href":"https:\/\/www.connectwave.fr\/index.php\/wp-json\/wp\/v2\/comments?post=269"}],"version-history":[{"count":25,"href":"https:\/\/www.connectwave.fr\/index.php\/wp-json\/wp\/v2\/pages\/269\/revisions"}],"predecessor-version":[{"id":364,"href":"https:\/\/www.connectwave.fr\/index.php\/wp-json\/wp\/v2\/pages\/269\/revisions\/364"}],"wp:attachment":[{"href":"https:\/\/www.connectwave.fr\/index.php\/wp-json\/wp\/v2\/media?parent=269"}],"curies":[{"name":"wp","href":"https:\/\/api.w.org\/{rel}","templated":true}]}}