{"id":2,"date":"2025-02-22T18:53:35","date_gmt":"2025-02-22T17:53:35","guid":{"rendered":"http:\/\/www.connectwave.fr\/?page_id=2"},"modified":"2025-02-26T00:50:14","modified_gmt":"2025-02-25T23:50:14","slug":"introduction-2","status":"publish","type":"page","link":"https:\/\/www.connectwave.fr\/","title":{"rendered":"Introduction"},"content":{"rendered":"\t\t<div data-elementor-type=\"wp-page\" data-elementor-id=\"2\" class=\"elementor elementor-2\">\n\t\t\t\t<div class=\"elementor-element elementor-element-6d98194 e-flex e-con-boxed wpr-particle-no wpr-jarallax-no wpr-parallax-no wpr-sticky-section-no e-con e-parent\" data-id=\"6d98194\" data-element_type=\"container\">\n\t\t\t\t\t<div class=\"e-con-inner\">\n\t\t\t\t<div class=\"elementor-element elementor-element-9c97965 elementor-widget elementor-widget-heading\" data-id=\"9c97965\" data-element_type=\"widget\" data-widget_type=\"heading.default\">\n\t\t\t\t<div class=\"elementor-widget-container\">\n\t\t\t\t\t<h2 class=\"elementor-heading-title elementor-size-default\">Introduction<\/h2>\t\t\t\t<\/div>\n\t\t\t\t<\/div>\n\t\t\t\t\t<\/div>\n\t\t\t\t<\/div>\n\t\t<div class=\"elementor-element elementor-element-7f5aa6f1 e-flex e-con-boxed wpr-particle-no wpr-jarallax-no wpr-parallax-no wpr-sticky-section-no e-con e-parent\" data-id=\"7f5aa6f1\" data-element_type=\"container\">\n\t\t\t\t\t<div class=\"e-con-inner\">\n\t\t\t\t<div class=\"elementor-element elementor-element-1ad3af0c elementor-widget elementor-widget-text-editor\" data-id=\"1ad3af0c\" data-element_type=\"widget\" data-widget_type=\"text-editor.default\">\n\t\t\t\t<div class=\"elementor-widget-container\">\n\t\t\t\t\t\t\t\t\t<p><strong>Connectwave est une association r\u00e9unissant des offreurs de solutions et des fabricants de technologies de l&rsquo;Internet des Objets (IoT) et des technologies sans contact RFID, NFC QRCode, Codes barres&#8230;<\/strong><\/p><ul><li>L&rsquo;Association des professionnels de l&rsquo; <b>IoT<\/b><b>, <\/b>de la <b>RFID<\/b>, du <b>NFC<\/b> &#8230;<\/li><li>Des solutions digitales pour des services de <b>tra\u00e7abilit\u00e9 <\/b>et d\u2019<b>identit\u00e9 digitale<\/b> des objets connect\u00e9s tout au long de leur cycle de vie<\/li><li>Connectwave f\u00e9d\u00e8re un r\u00e9seau de <b>10 000<\/b> soci\u00e9t\u00e9s et des professionnels qualifi\u00e9s dans l&rsquo;IoT et la RFID<\/li><li>Une <b>dynamique r\u00e9gionale<\/b> avec des p\u00f4les r\u00e9gionaux (IdF, AURA, PACA), des \u00e9v\u00e8nements et des rdv networking<\/li><li>Un r\u00e9seau d\u2019acteurs dans de <b>nombreux secteurs<\/b> : B\u00e2timent, Automobile, A\u00e9ronautique, Smart City, Agriculture, \u00c9nergie, Entrep\u00f4ts, Retail, Grande distribution, Packaging, Sant\u00e9&#8230;<\/li><\/ul>\t\t\t\t\t\t\t\t<\/div>\n\t\t\t\t<\/div>\n\t\t\t\t\t<\/div>\n\t\t\t\t<\/div>\n\t\t<div class=\"elementor-element elementor-element-fce770c e-flex e-con-boxed wpr-particle-no wpr-jarallax-no wpr-parallax-no wpr-sticky-section-no e-con e-parent\" data-id=\"fce770c\" data-element_type=\"container\">\n\t\t\t\t\t<div class=\"e-con-inner\">\n\t\t\t\t<div class=\"elementor-element elementor-element-63f8581 elementor-widget elementor-widget-heading\" data-id=\"63f8581\" data-element_type=\"widget\" data-widget_type=\"heading.default\">\n\t\t\t\t<div class=\"elementor-widget-container\">\n\t\t\t\t\t<h2 class=\"elementor-heading-title elementor-size-default\">Notre Mission<\/h2>\t\t\t\t<\/div>\n\t\t\t\t<\/div>\n\t\t\t\t\t<\/div>\n\t\t\t\t<\/div>\n\t\t<div class=\"elementor-element elementor-element-ebab40c e-flex e-con-boxed wpr-particle-no wpr-jarallax-no wpr-parallax-no wpr-sticky-section-no e-con e-parent\" data-id=\"ebab40c\" data-element_type=\"container\">\n\t\t\t\t\t<div class=\"e-con-inner\">\n\t\t\t\t<div class=\"elementor-element elementor-element-44f7832 elementor-widget elementor-widget-text-editor\" data-id=\"44f7832\" data-element_type=\"widget\" data-widget_type=\"text-editor.default\">\n\t\t\t\t<div class=\"elementor-widget-container\">\n\t\t\t\t\t\t\t\t\t<p><strong>Nous soutenons les PME, startups et grands groupes dans la mise en \u0153uvre de solutions digitales par :<\/strong><\/p><ul><li><span style=\"text-decoration: underline;\">L\u2019accompagnement de vos projets<\/span>, pour optimiser votre productivit\u00e9 et am\u00e9liorer votre comp\u00e9titivit\u00e9.\u00a0<\/li><li><span style=\"text-decoration: underline;\">Un \u00e9clairage march\u00e9 sur les solutions connect\u00e9es<\/span> pour g\u00e9rer l&rsquo;efficacit\u00e9 de vos flux et de votre tra\u00e7abilit\u00e9 avec les technologies de l\u2019IoT, du num\u00e9rique et de l&rsquo;Intelligence Artificielle.<\/li><li><span style=\"text-decoration: underline;\">Des rencontres m\u00e9tiers qualifi\u00e9es<\/span>, pour g\u00e9n\u00e9rer des opportunit\u00e9s d&rsquo;affaires : avec un acc\u00e8s privil\u00e9gi\u00e9 aux \u00e9v\u00e9nements m\u00e9tiers, r\u00e9gionaux, avec des tarifs pr\u00e9f\u00e9rentiels pour exposer aux grands \u00e9v\u00e9nements professionnels, comme le Global Industrie, le SITL, Expoprotection, SupplyChain Event, IBS\u2026<\/li><li><span style=\"text-decoration: underline;\">Une visibilit\u00e9 sur votre secteur<\/span> gr\u00e2ce \u00e0 une communication renforc\u00e9e, aupr\u00e8s de l\u2019\u00e9cosyst\u00e8me RFID \/ IoT : Webinaires, Newsletters, Mise en avant Web de vos actualit\u00e9s, Relais sur les r\u00e9seaux sociaux, Interview vid\u00e9o \u2026<\/li><\/ul><p>\u00a0<\/p><p>Reconnu pour notre expertise et notre neutralit\u00e9, nous rassemblons les acteurs nationaux et internationaux impliqu\u00e9s dans la transformation digitale.<\/p><p>Connectwave f\u00e9d\u00e8re les entreprises actives autour de la tra\u00e7abilit\u00e9 et de l\u2019identit\u00e9 digitale des objets connect\u00e9s tout au long de leur cycle de vie.<\/p><p>En adh\u00e9rant \u00e0 Connectwave, vous rejoignez l\u2019Association des professionnels de l\u2019IoT et de la RFID. Connectwave c\u2019est :<\/p><ul><li>15 ans d\u2019expertise dans les technologies digitales<\/li><li>Un r\u00e9seau de 10 000 soci\u00e9t\u00e9s dont 8 000 professionnels qualifi\u00e9s dans l\u2019IoT<\/li><li>Un r\u00e9seau d\u2019acteurs pr\u00e9sents dans tous les secteurs : Retail, Sant\u00e9, Packaging, A\u00e9ronautique, Automobile, Smart City, Agriculture, \u00c9nergie, Grande distribution, \u2026<\/li><\/ul>\t\t\t\t\t\t\t\t<\/div>\n\t\t\t\t<\/div>\n\t\t\t\t\t<\/div>\n\t\t\t\t<\/div>\n\t\t<div class=\"elementor-element elementor-element-87462fa e-flex e-con-boxed wpr-particle-no wpr-jarallax-no wpr-parallax-no wpr-sticky-section-no e-con e-parent\" data-id=\"87462fa\" data-element_type=\"container\">\n\t\t\t\t\t<div class=\"e-con-inner\">\n\t\t\t\t<div class=\"elementor-element elementor-element-66fa381 elementor-widget elementor-widget-heading\" data-id=\"66fa381\" data-element_type=\"widget\" data-widget_type=\"heading.default\">\n\t\t\t\t<div class=\"elementor-widget-container\">\n\t\t\t\t\t<h2 class=\"elementor-heading-title elementor-size-default\">Qui sommes nous ?<\/h2>\t\t\t\t<\/div>\n\t\t\t\t<\/div>\n\t\t\t\t\t<\/div>\n\t\t\t\t<\/div>\n\t\t<div class=\"elementor-element elementor-element-4f944c4 e-flex e-con-boxed wpr-particle-no wpr-jarallax-no wpr-parallax-no wpr-sticky-section-no e-con e-parent\" data-id=\"4f944c4\" data-element_type=\"container\">\n\t\t\t\t\t<div class=\"e-con-inner\">\n\t\t\t\t<div class=\"elementor-element elementor-element-3c78b98 elementor-widget elementor-widget-image\" data-id=\"3c78b98\" data-element_type=\"widget\" data-widget_type=\"image.default\">\n\t\t\t\t<div class=\"elementor-widget-container\">\n\t\t\t\t\t\t\t\t\t\t\t\t\t\t\t<img fetchpriority=\"high\" decoding=\"async\" width=\"800\" height=\"280\" src=\"https:\/\/www.connectwave.fr\/wp-content\/uploads\/2025\/02\/240225-CW-1-Qui-sommes-nous-1024x359.png\" class=\"attachment-large size-large wp-image-188\" alt=\"\" srcset=\"https:\/\/www.connectwave.fr\/wp-content\/uploads\/2025\/02\/240225-CW-1-Qui-sommes-nous-1024x359.png 1024w, https:\/\/www.connectwave.fr\/wp-content\/uploads\/2025\/02\/240225-CW-1-Qui-sommes-nous-300x105.png 300w, https:\/\/www.connectwave.fr\/wp-content\/uploads\/2025\/02\/240225-CW-1-Qui-sommes-nous-768x269.png 768w, https:\/\/www.connectwave.fr\/wp-content\/uploads\/2025\/02\/240225-CW-1-Qui-sommes-nous-1536x538.png 1536w, https:\/\/www.connectwave.fr\/wp-content\/uploads\/2025\/02\/240225-CW-1-Qui-sommes-nous.png 1703w\" sizes=\"(max-width: 800px) 100vw, 800px\" \/>\t\t\t\t\t\t\t\t\t\t\t\t\t\t\t<\/div>\n\t\t\t\t<\/div>\n\t\t\t\t\t<\/div>\n\t\t\t\t<\/div>\n\t\t\t\t<\/div>\n\t\t","protected":false},"excerpt":{"rendered":"<p>Introduction Connectwave est une association r\u00e9unissant des offreurs de solutions et des fabricants de technologies de l&rsquo;Internet des Objets (IoT) et des technologies sans contact RFID, NFC QRCode, Codes barres&#8230; L&rsquo;Association des professionnels de l&rsquo; IoT, de la RFID, du NFC &#8230; Des solutions digitales pour des services de tra\u00e7abilit\u00e9 et d\u2019identit\u00e9 digitale des objets connect\u00e9s tout au long de leur cycle de vie Connectwave f\u00e9d\u00e8re un r\u00e9seau de 10 000 soci\u00e9t\u00e9s et des professionnels qualifi\u00e9s dans l&rsquo;IoT et la RFID Une dynamique r\u00e9gionale avec des p\u00f4les r\u00e9gionaux (IdF, AURA, PACA), des \u00e9v\u00e8nements et des rdv networking Un r\u00e9seau d\u2019acteurs dans de nombreux secteurs : B\u00e2timent, Automobile, A\u00e9ronautique, Smart City, Agriculture, \u00c9nergie, Entrep\u00f4ts, Retail, Grande distribution, Packaging, Sant\u00e9&#8230; Notre Mission Nous soutenons les PME, startups et grands groupes dans la mise en \u0153uvre de solutions digitales par : L\u2019accompagnement de vos projets, pour optimiser votre productivit\u00e9 et am\u00e9liorer votre comp\u00e9titivit\u00e9.\u00a0 Un \u00e9clairage march\u00e9 sur les solutions connect\u00e9es pour g\u00e9rer l&rsquo;efficacit\u00e9 de vos flux et de votre tra\u00e7abilit\u00e9 avec les technologies de l\u2019IoT, du num\u00e9rique et de l&rsquo;Intelligence Artificielle. Des rencontres m\u00e9tiers qualifi\u00e9es, pour g\u00e9n\u00e9rer des opportunit\u00e9s d&rsquo;affaires : avec un acc\u00e8s privil\u00e9gi\u00e9 aux \u00e9v\u00e9nements m\u00e9tiers, r\u00e9gionaux, avec des tarifs pr\u00e9f\u00e9rentiels pour exposer aux grands \u00e9v\u00e9nements professionnels, comme le Global Industrie, le SITL, Expoprotection, SupplyChain Event, IBS\u2026 Une visibilit\u00e9 sur votre secteur gr\u00e2ce \u00e0 une communication renforc\u00e9e, aupr\u00e8s de l\u2019\u00e9cosyst\u00e8me RFID \/ IoT : Webinaires, Newsletters, Mise en avant Web de vos actualit\u00e9s, Relais sur les r\u00e9seaux sociaux, Interview vid\u00e9o \u2026 \u00a0 Reconnu pour notre expertise et notre neutralit\u00e9, nous rassemblons les acteurs nationaux et internationaux impliqu\u00e9s dans la transformation digitale. Connectwave f\u00e9d\u00e8re les entreprises actives autour de la tra\u00e7abilit\u00e9 et de l\u2019identit\u00e9 digitale des objets connect\u00e9s tout au long de leur cycle de vie. En adh\u00e9rant \u00e0 Connectwave, vous rejoignez l\u2019Association des professionnels de l\u2019IoT et de la RFID. Connectwave c\u2019est : 15 ans d\u2019expertise dans les technologies digitales Un r\u00e9seau de 10 000 soci\u00e9t\u00e9s dont 8 000 professionnels qualifi\u00e9s dans l\u2019IoT Un r\u00e9seau d\u2019acteurs pr\u00e9sents dans tous les secteurs : Retail, Sant\u00e9, Packaging, A\u00e9ronautique, Automobile, Smart City, Agriculture, \u00c9nergie, Grande distribution, \u2026 Qui sommes nous ?<\/p>\n","protected":false},"author":1,"featured_media":0,"parent":0,"menu_order":1,"comment_status":"closed","ping_status":"closed","template":"","meta":{"footnotes":""},"class_list":["post-2","page","type-page","status-publish","hentry"],"_links":{"self":[{"href":"https:\/\/www.connectwave.fr\/index.php\/wp-json\/wp\/v2\/pages\/2","targetHints":{"allow":["GET"]}}],"collection":[{"href":"https:\/\/www.connectwave.fr\/index.php\/wp-json\/wp\/v2\/pages"}],"about":[{"href":"https:\/\/www.connectwave.fr\/index.php\/wp-json\/wp\/v2\/types\/page"}],"author":[{"embeddable":true,"href":"https:\/\/www.connectwave.fr\/index.php\/wp-json\/wp\/v2\/users\/1"}],"replies":[{"embeddable":true,"href":"https:\/\/www.connectwave.fr\/index.php\/wp-json\/wp\/v2\/comments?post=2"}],"version-history":[{"count":41,"href":"https:\/\/www.connectwave.fr\/index.php\/wp-json\/wp\/v2\/pages\/2\/revisions"}],"predecessor-version":[{"id":548,"href":"https:\/\/www.connectwave.fr\/index.php\/wp-json\/wp\/v2\/pages\/2\/revisions\/548"}],"wp:attachment":[{"href":"https:\/\/www.connectwave.fr\/index.php\/wp-json\/wp\/v2\/media?parent=2"}],"curies":[{"name":"wp","href":"https:\/\/api.w.org\/{rel}","templated":true}]}}