{"id":125,"date":"2025-02-23T02:42:26","date_gmt":"2025-02-23T01:42:26","guid":{"rendered":"http:\/\/www.connectwave.fr\/?page_id=125"},"modified":"2025-02-24T23:44:25","modified_gmt":"2025-02-24T22:44:25","slug":"contact","status":"publish","type":"page","link":"https:\/\/www.connectwave.fr\/index.php\/contact\/","title":{"rendered":"Contact"},"content":{"rendered":"\t\t<div data-elementor-type=\"wp-page\" data-elementor-id=\"125\" class=\"elementor elementor-125\">\n\t\t\t\t<div class=\"elementor-element elementor-element-bd12ad1 e-flex e-con-boxed wpr-particle-no wpr-jarallax-no wpr-parallax-no wpr-sticky-section-no e-con e-parent\" data-id=\"bd12ad1\" data-element_type=\"container\">\n\t\t\t\t\t<div class=\"e-con-inner\">\n\t\t\t\t<div class=\"elementor-element elementor-element-8555ae4 elementor-widget elementor-widget-heading\" data-id=\"8555ae4\" data-element_type=\"widget\" data-widget_type=\"heading.default\">\n\t\t\t\t<div class=\"elementor-widget-container\">\n\t\t\t\t\t<h2 class=\"elementor-heading-title elementor-size-default\">Contact<\/h2>\t\t\t\t<\/div>\n\t\t\t\t<\/div>\n\t\t\t\t\t<\/div>\n\t\t\t\t<\/div>\n\t\t<div class=\"elementor-element elementor-element-c3758f5 e-flex e-con-boxed wpr-particle-no wpr-jarallax-no wpr-parallax-no wpr-sticky-section-no e-con e-parent\" data-id=\"c3758f5\" data-element_type=\"container\">\n\t\t\t\t\t<div class=\"e-con-inner\">\n\t\t\t\t<div class=\"elementor-element elementor-element-80f8802 elementor-widget elementor-widget-text-editor\" data-id=\"80f8802\" data-element_type=\"widget\" data-widget_type=\"text-editor.default\">\n\t\t\t\t<div class=\"elementor-widget-container\">\n\t\t\t\t\t\t\t\t\t<p><strong>Accompagnement projets, promotion des usages IoT, expertise\u2026<\/strong><\/p><p>Connectwave r\u00e9pond \u00e0 vos besoins, contactez-nous !<\/p><p><em>Les informations recueillies \u00e0 partir de ce formulaire sont enregistr\u00e9es et transmises pour le traitement de votre demande. Vos informations pourront \u00eatre utilis\u00e9es \u00e0 des fins administratives ou pour vous envoyer notre Newsletter. Vous disposez d\u2019un droit d\u2019acc\u00e8s, de rectification et d\u2019opposition aux donn\u00e9es vous concernant, que vous pouvez exercer via\u00a0<\/em><a href=\"http:\/\/www.connectwave.fr\/wp-content\/uploads\/2025\/02\/2025-Connectwave-Courrier-RGPD.pdf\" target=\"_blank\" rel=\"noopener\"><em>ce formulaire<\/em><\/a>\u00a0<em>ou en \u00e9crivant \u00e0 cette adresse : <a href=\"mailto:contact@connectwave.fr\">contact@connectwave.fr<\/a>.<\/em><\/p><p><em>\u00a0<\/em><\/p><p><span style=\"text-decoration: underline;\">Plan d\u2019acc\u00e8s<\/span>\u00a0<\/p><p><strong>Connectwave<br \/><\/strong>Place Paul Borde, 13 790 Rousset \u2013 FRANCE<br \/><a href=\"mailto:contact@connectwave.fr\">contact@connectwave.fr<\/a><br \/>T\u00e9l : +33 676 741 438 \/ +33 608 415 817<\/p><p><em>Un nouveau projet dans les Objets Connect\u00e9s Professionnels ? Venez nous rencontrer !\u00a0<\/em><\/p>\t\t\t\t\t\t\t\t<\/div>\n\t\t\t\t<\/div>\n\t\t\t\t\t<\/div>\n\t\t\t\t<\/div>\n\t\t<div class=\"elementor-element elementor-element-2080739 e-flex e-con-boxed wpr-particle-no wpr-jarallax-no wpr-parallax-no wpr-sticky-section-no e-con e-parent\" data-id=\"2080739\" data-element_type=\"container\">\n\t\t\t\t\t<div class=\"e-con-inner\">\n\t\t\t\t<div class=\"elementor-element elementor-element-0e3a09e elementor-widget elementor-widget-google_maps\" data-id=\"0e3a09e\" data-element_type=\"widget\" data-widget_type=\"google_maps.default\">\n\t\t\t\t<div class=\"elementor-widget-container\">\n\t\t\t\t\t\t\t<div class=\"elementor-custom-embed\">\n\t\t\t<iframe loading=\"lazy\"\n\t\t\t\t\tsrc=\"https:\/\/maps.google.com\/maps?q=Place%20Paul%20Borde%2C%2013%20790%20Rousset%20%E2%80%93%20FRANCE&#038;t=m&#038;z=8&#038;output=embed&#038;iwloc=near\"\n\t\t\t\t\ttitle=\"Place Paul Borde, 13 790 Rousset \u2013 FRANCE\"\n\t\t\t\t\taria-label=\"Place Paul Borde, 13 790 Rousset \u2013 FRANCE\"\n\t\t\t><\/iframe>\n\t\t<\/div>\n\t\t\t\t\t\t<\/div>\n\t\t\t\t<\/div>\n\t\t\t\t\t<\/div>\n\t\t\t\t<\/div>\n\t\t\t\t<\/div>\n\t\t","protected":false},"excerpt":{"rendered":"<p>Contact Accompagnement projets, promotion des usages IoT, expertise\u2026 Connectwave r\u00e9pond \u00e0 vos besoins, contactez-nous ! Les informations recueillies \u00e0 partir de ce formulaire sont enregistr\u00e9es et transmises pour le traitement de votre demande. Vos informations pourront \u00eatre utilis\u00e9es \u00e0 des fins administratives ou pour vous envoyer notre Newsletter. Vous disposez d\u2019un droit d\u2019acc\u00e8s, de rectification et d\u2019opposition aux donn\u00e9es vous concernant, que vous pouvez exercer via\u00a0ce formulaire\u00a0ou en \u00e9crivant \u00e0 cette adresse : contact@connectwave.fr. \u00a0 Plan d\u2019acc\u00e8s\u00a0 ConnectwavePlace Paul Borde, 13 790 Rousset \u2013 FRANCEcontact@connectwave.frT\u00e9l : +33 676 741 438 \/ +33 608 415 817 Un nouveau projet dans les Objets Connect\u00e9s Professionnels ? Venez nous rencontrer !\u00a0<\/p>\n","protected":false},"author":1,"featured_media":0,"parent":0,"menu_order":0,"comment_status":"closed","ping_status":"closed","template":"","meta":{"footnotes":""},"class_list":["post-125","page","type-page","status-publish","hentry"],"_links":{"self":[{"href":"https:\/\/www.connectwave.fr\/index.php\/wp-json\/wp\/v2\/pages\/125","targetHints":{"allow":["GET"]}}],"collection":[{"href":"https:\/\/www.connectwave.fr\/index.php\/wp-json\/wp\/v2\/pages"}],"about":[{"href":"https:\/\/www.connectwave.fr\/index.php\/wp-json\/wp\/v2\/types\/page"}],"author":[{"embeddable":true,"href":"https:\/\/www.connectwave.fr\/index.php\/wp-json\/wp\/v2\/users\/1"}],"replies":[{"embeddable":true,"href":"https:\/\/www.connectwave.fr\/index.php\/wp-json\/wp\/v2\/comments?post=125"}],"version-history":[{"count":23,"href":"https:\/\/www.connectwave.fr\/index.php\/wp-json\/wp\/v2\/pages\/125\/revisions"}],"predecessor-version":[{"id":569,"href":"https:\/\/www.connectwave.fr\/index.php\/wp-json\/wp\/v2\/pages\/125\/revisions\/569"}],"wp:attachment":[{"href":"https:\/\/www.connectwave.fr\/index.php\/wp-json\/wp\/v2\/media?parent=125"}],"curies":[{"name":"wp","href":"https:\/\/api.w.org\/{rel}","templated":true}]}}